{"id":6277,"date":"2024-12-24T06:24:48","date_gmt":"2024-12-24T06:24:48","guid":{"rendered":"https:\/\/solutionsatc.com\/?page_id=6277"},"modified":"2024-12-25T00:07:27","modified_gmt":"2024-12-25T00:07:27","slug":"terminosuso","status":"publish","type":"page","link":"https:\/\/solutionsatc.com\/es\/terminosuso\/","title":{"rendered":"terminosuso"},"content":{"rendered":"<div data-elementor-type=\"wp-post\" data-elementor-id=\"6277\" class=\"elementor elementor-6277\">\n\t\t\t\t<div class=\"elementor-element elementor-element-f0b3181 e-con-full e-flex elementor-invisible e-con e-parent\" data-id=\"f0b3181\" data-element_type=\"container\" data-e-type=\"container\" data-settings=\"{&quot;background_background&quot;:&quot;classic&quot;,&quot;animation&quot;:&quot;fadeIn&quot;}\">\n\t\t<div class=\"elementor-element elementor-element-b17abf7 e-con-full e-flex e-con e-child\" data-id=\"b17abf7\" data-element_type=\"container\" data-e-type=\"container\">\n\t\t\t\t<div class=\"elementor-element elementor-element-6878345 elementor-widget elementor-widget-heading\" data-id=\"6878345\" data-element_type=\"widget\" data-e-type=\"widget\" data-widget_type=\"heading.default\">\n\t\t\t\t<div class=\"elementor-widget-container\">\n\t\t\t\t\t<h1 class=\"elementor-heading-title elementor-size-default\">Terminos y condiciones de Uso<\/h1>\t\t\t\t<\/div>\n\t\t\t\t<\/div>\n\t\t\t\t<\/div>\n\t\t\t\t<\/div>\n\t\t<div class=\"elementor-element elementor-element-b3cc627 e-flex e-con-boxed e-con e-parent\" data-id=\"b3cc627\" data-element_type=\"container\" data-e-type=\"container\" data-settings=\"{&quot;background_background&quot;:&quot;gradient&quot;}\">\n\t\t\t\t\t<div class=\"e-con-inner\">\n\t\t<div class=\"elementor-element elementor-element-c5c37c3 e-con-full e-flex e-con e-child\" data-id=\"c5c37c3\" data-element_type=\"container\" data-e-type=\"container\">\n\t\t<div class=\"elementor-element elementor-element-1870d52 e-con-full e-flex e-con e-child\" data-id=\"1870d52\" data-element_type=\"container\" data-e-type=\"container\">\n\t\t<div class=\"elementor-element elementor-element-08d5da4 e-con-full e-flex e-con e-child\" data-id=\"08d5da4\" data-element_type=\"container\" data-e-type=\"container\">\n\t\t\t\t<div class=\"elementor-element elementor-element-ef27720 elementor-widget elementor-widget-text-editor\" data-id=\"ef27720\" data-element_type=\"widget\" data-e-type=\"widget\" data-widget_type=\"text-editor.default\">\n\t\t\t\t<div class=\"elementor-widget-container\">\n\t\t\t\t\t\t\t\t\t<h3><strong>1. Aceptaci\u00f3n de los T\u00e9rminos<\/strong><\/h3><p>Al utilizar nuestros servicios de mensajer\u00eda de texto (SMS\/MMS) y voz, aceptas los siguientes t\u00e9rminos y condiciones. Si no est\u00e1s de acuerdo con ellos, no deber\u00edas utilizar estos servicios.<\/p><h3><strong>2. Descripcion del Servicio<\/strong><\/h3><p>Ofrecemos servicios de mensajer\u00eda de texto y voz a trav\u00e9s de nuestras plataformas automatizadas, permiti\u00e9ndote recibir notificaciones, alertas y otros mensajes relacionados con nuestras ofertas, promociones y actualizaciones. Este servicio est\u00e1 dise\u00f1ado para mejorar la comunicaci\u00f3n con nuestros usuarios y clientes.<\/p><h3><strong>3. Consentimiento y Opt-In<\/strong><\/h3><p>Al suscribirte a nuestro servicio, aceptas recibir mensajes de texto o voz en el n\u00famero de tel\u00e9fono proporcionado. La suscripci\u00f3n requiere consentimiento expl\u00edcito y se proporciona al completar un formulario en nuestra p\u00e1gina web, marcar una casilla de verificaci\u00f3n o enviar un mensaje de texto inicial.<\/p><h3><strong>4. Frecuencia de los Mensajes<\/strong><\/h3><p>La frecuencia de los mensajes puede variar seg\u00fan el servicio al que te hayas suscrito. Te notificaremos sobre la frecuencia espec\u00edfica durante el proceso de suscripci\u00f3n.<\/p><h3><strong>5. Tarifas de Mensajes y Datos<\/strong><\/h3><p>Pueden aplicarse tarifas est\u00e1ndar de mensajes de texto y datos seg\u00fan lo establecido por tu proveedor de servicios m\u00f3viles. No somos responsables de los cargos incurridos por el uso de nuestro servicio.<\/p><h3><strong>6. Pol\u00edtica de Opt-Out<\/strong><\/h3><p>Puedes optar por no recibir mensajes de texto en cualquier momento respondiendo con la palabra \"STOP\" a cualquiera de nuestros mensajes. Al hacerlo, no recibir\u00e1s m\u00e1s mensajes, salvo confirmaciones de cancelaci\u00f3n. Si deseas reactivar el servicio, debes volver a suscribirte.<\/p><h3><strong>Uso Prohibido<\/strong><\/h3><p>El servicio no debe ser utilizado para:<\/p><ul><li>- Fines ilegales, fraudulentos o abusivos.<\/li><li>- Enviar mensajes no solicitados (SPAM).<\/li><li>- Compartir contenido que viole derechos de \n  terceros.<\/li><\/ul><h3><strong>Responsabilidad de Uso<\/strong><\/h3><p>Debes proporcionar informaci\u00f3n veraz y actualizada al registrarte para el servicio. No somos responsables por mensajes no entregados debido a informaci\u00f3n incorrecta o bloqueos por parte de tu operador m\u00f3vil.<\/p><h3><strong>9. Limitaci\u00f3n de Responsabilidad<\/strong><\/h3><p>No somos responsables por:<\/p><ul><li>- Retrasos en la entrega de mensajes debido a limitaciones t\u00e9cnicas o problemas con los operadores m\u00f3viles.<\/li><li>- P\u00e9rdidas o da\u00f1os derivados del uso de nuestro servicio de mensajer\u00eda.<\/li><\/ul><h3><strong>10. Pol\u00edtica de Privacidad<\/strong><\/h3><p>La informaci\u00f3n recopilada para el uso del servicio est\u00e1 protegida por nuestra Pol\u00edtica de Privacidad. No compartimos tus datos con terceros sin tu consentimiento.<\/p><h3><strong>11. Modificaciones a los T\u00e9rminos<\/strong><\/h3><p>Nos reservamos el derecho de modificar estos t\u00e9rminos en cualquier momento. Las modificaciones ser\u00e1n notificadas a los usuarios activos del servicio.<\/p><h3><strong>12 Contacto<\/strong><\/h3><p>Para consultas o soporte relacionado con nuestro servicio de mensajer\u00eda, cont\u00e1ctanos en:<\/p><ul><li>Correo: edgarblanco@solutionsatc.com<\/li><li>Telefono_ 3854231438<\/li><\/ul>\t\t\t\t\t\t\t\t<\/div>\n\t\t\t\t<\/div>\n\t\t\t\t<\/div>\n\t\t\t\t<\/div>\n\t\t\t\t<\/div>\n\t\t\t\t\t<\/div>\n\t\t\t\t<\/div>\n\t\t<div class=\"elementor-element elementor-element-8e8e58c e-con-full e-flex e-con e-parent\" data-id=\"8e8e58c\" data-element_type=\"container\" data-e-type=\"container\">\n\t\t\t\t<\/div>\n\t\t<div class=\"elementor-element elementor-element-cf1219a e-flex e-con-boxed e-con e-parent\" data-id=\"cf1219a\" data-element_type=\"container\" data-e-type=\"container\" data-settings=\"{&quot;background_background&quot;:&quot;classic&quot;}\">\n\t\t\t\t\t<div class=\"e-con-inner\">\n\t\t\t\t\t<\/div>\n\t\t\t\t<\/div>\n\t\t\t\t<\/div>","protected":false},"excerpt":{"rendered":"<p>Terms and Conditions of Use 1. Acceptance of Terms By using our text messaging (SMS\/MMS) and voice services, you agree to the following terms and conditions. If you do not agree, you should not use these services. 2. Service Description We provide text messaging and voice services through our automated platforms, enabling you to receive [&hellip;]<\/p>\n","protected":false},"author":1,"featured_media":0,"parent":0,"menu_order":0,"comment_status":"closed","ping_status":"closed","template":"","meta":{"nf_dc_page":"","om_disable_all_campaigns":false,"_surecart_dashboard_logo_width":"180px","_surecart_dashboard_show_logo":true,"_surecart_dashboard_navigation_orders":true,"_surecart_dashboard_navigation_invoices":true,"_surecart_dashboard_navigation_subscriptions":true,"_surecart_dashboard_navigation_downloads":true,"_surecart_dashboard_navigation_billing":true,"_surecart_dashboard_navigation_account":true,"_uag_custom_page_level_css":"","_monsterinsights_skip_tracking":false,"_monsterinsights_sitenote_active":false,"_monsterinsights_sitenote_note":"","_monsterinsights_sitenote_category":0,"footnotes":""},"class_list":["post-6277","page","type-page","status-publish","hentry"],"yoast_head":"<!-- This site is optimized with the Yoast SEO plugin v27.5 - https:\/\/yoast.com\/product\/yoast-seo-wordpress\/ -->\n<title>terminosuso - AI Agents<\/title>\n<meta name=\"robots\" content=\"index, follow, max-snippet:-1, max-image-preview:large, max-video-preview:-1\" \/>\n<link rel=\"canonical\" href=\"https:\/\/solutionsatc.com\/es\/terminosuso\/\" \/>\n<meta property=\"og:locale\" content=\"es_MX\" \/>\n<meta property=\"og:type\" content=\"article\" \/>\n<meta property=\"og:title\" content=\"terminosuso - AI Agents\" \/>\n<meta property=\"og:description\" content=\"Terms and Conditions of Use 1. Acceptance of Terms By using our text messaging (SMS\/MMS) and voice services, you agree to the following terms and conditions. If you do not agree, you should not use these services. 2. Service Description We provide text messaging and voice services through our automated platforms, enabling you to receive [&hellip;]\" \/>\n<meta property=\"og:url\" content=\"https:\/\/solutionsatc.com\/es\/terminosuso\/\" \/>\n<meta property=\"og:site_name\" content=\"AI Agents\" \/>\n<meta property=\"article:modified_time\" content=\"2024-12-25T00:07:27+00:00\" \/>\n<meta name=\"twitter:card\" content=\"summary_large_image\" \/>\n<meta name=\"twitter:label1\" content=\"Tiempo de lectura\" \/>\n\t<meta name=\"twitter:data1\" content=\"2 minutos\" \/>\n<script type=\"application\/ld+json\" class=\"yoast-schema-graph\">{\"@context\":\"https:\\\/\\\/schema.org\",\"@graph\":[{\"@type\":\"WebPage\",\"@id\":\"https:\\\/\\\/solutionsatc.com\\\/terminosuso\\\/\",\"url\":\"https:\\\/\\\/solutionsatc.com\\\/terminosuso\\\/\",\"name\":\"terminosuso - AI Agents\",\"isPartOf\":{\"@id\":\"https:\\\/\\\/solutionsatc.com\\\/#website\"},\"datePublished\":\"2024-12-24T06:24:48+00:00\",\"dateModified\":\"2024-12-25T00:07:27+00:00\",\"breadcrumb\":{\"@id\":\"https:\\\/\\\/solutionsatc.com\\\/terminosuso\\\/#breadcrumb\"},\"inLanguage\":\"es\",\"potentialAction\":[{\"@type\":\"ReadAction\",\"target\":[\"https:\\\/\\\/solutionsatc.com\\\/terminosuso\\\/\"]}]},{\"@type\":\"BreadcrumbList\",\"@id\":\"https:\\\/\\\/solutionsatc.com\\\/terminosuso\\\/#breadcrumb\",\"itemListElement\":[{\"@type\":\"ListItem\",\"position\":1,\"name\":\"Home\",\"item\":\"https:\\\/\\\/solutionsatc.com\\\/\"},{\"@type\":\"ListItem\",\"position\":2,\"name\":\"terminosuso\"}]},{\"@type\":\"WebSite\",\"@id\":\"https:\\\/\\\/solutionsatc.com\\\/#website\",\"url\":\"https:\\\/\\\/solutionsatc.com\\\/\",\"name\":\"AI Agents\",\"description\":\"Keeping you Cool, in Every Step\",\"potentialAction\":[{\"@type\":\"SearchAction\",\"target\":{\"@type\":\"EntryPoint\",\"urlTemplate\":\"https:\\\/\\\/solutionsatc.com\\\/?s={search_term_string}\"},\"query-input\":{\"@type\":\"PropertyValueSpecification\",\"valueRequired\":true,\"valueName\":\"search_term_string\"}}],\"inLanguage\":\"es\"}]}<\/script>\n<!-- \/ Yoast SEO plugin. -->","yoast_head_json":{"title":"terminosuso - AI Agents","robots":{"index":"index","follow":"follow","max-snippet":"max-snippet:-1","max-image-preview":"max-image-preview:large","max-video-preview":"max-video-preview:-1"},"canonical":"https:\/\/solutionsatc.com\/es\/terminosuso\/","og_locale":"es_MX","og_type":"article","og_title":"terminosuso - AI Agents","og_description":"Terms and Conditions of Use 1. Acceptance of Terms By using our text messaging (SMS\/MMS) and voice services, you agree to the following terms and conditions. If you do not agree, you should not use these services. 2. Service Description We provide text messaging and voice services through our automated platforms, enabling you to receive [&hellip;]","og_url":"https:\/\/solutionsatc.com\/es\/terminosuso\/","og_site_name":"AI Agents","article_modified_time":"2024-12-25T00:07:27+00:00","twitter_card":"summary_large_image","twitter_misc":{"Tiempo de lectura":"2 minutos"},"schema":{"@context":"https:\/\/schema.org","@graph":[{"@type":"WebPage","@id":"https:\/\/solutionsatc.com\/terminosuso\/","url":"https:\/\/solutionsatc.com\/terminosuso\/","name":"terminosuso - AI Agents","isPartOf":{"@id":"https:\/\/solutionsatc.com\/#website"},"datePublished":"2024-12-24T06:24:48+00:00","dateModified":"2024-12-25T00:07:27+00:00","breadcrumb":{"@id":"https:\/\/solutionsatc.com\/terminosuso\/#breadcrumb"},"inLanguage":"es","potentialAction":[{"@type":"ReadAction","target":["https:\/\/solutionsatc.com\/terminosuso\/"]}]},{"@type":"BreadcrumbList","@id":"https:\/\/solutionsatc.com\/terminosuso\/#breadcrumb","itemListElement":[{"@type":"ListItem","position":1,"name":"Home","item":"https:\/\/solutionsatc.com\/"},{"@type":"ListItem","position":2,"name":"terminosuso"}]},{"@type":"WebSite","@id":"https:\/\/solutionsatc.com\/#website","url":"https:\/\/solutionsatc.com\/","name":"AI Agents","description":"Keeping you Cool, in Every Step","potentialAction":[{"@type":"SearchAction","target":{"@type":"EntryPoint","urlTemplate":"https:\/\/solutionsatc.com\/?s={search_term_string}"},"query-input":{"@type":"PropertyValueSpecification","valueRequired":true,"valueName":"search_term_string"}}],"inLanguage":"es"}]}},"uagb_featured_image_src":{"full":false,"thumbnail":false,"medium":false,"medium_large":false,"large":false,"1536x1536":false,"2048x2048":false,"trp-custom-language-flag":false,"woocommerce_thumbnail":false,"woocommerce_single":false,"woocommerce_gallery_thumbnail":false},"uagb_author_info":{"display_name":"edgarblanco714","author_link":"https:\/\/solutionsatc.com\/es\/author\/edgarblanco714\/"},"uagb_comment_info":0,"uagb_excerpt":"Terms and Conditions of Use 1. Acceptance of Terms By using our text messaging (SMS\/MMS) and voice services, you agree to the following terms and conditions. If you do not agree, you should not use these services. 2. Service Description We provide text messaging and voice services through our automated platforms, enabling you to receive&hellip;","jetpack_sharing_enabled":true,"_links":{"self":[{"href":"https:\/\/solutionsatc.com\/es\/wp-json\/wp\/v2\/pages\/6277","targetHints":{"allow":["GET"]}}],"collection":[{"href":"https:\/\/solutionsatc.com\/es\/wp-json\/wp\/v2\/pages"}],"about":[{"href":"https:\/\/solutionsatc.com\/es\/wp-json\/wp\/v2\/types\/page"}],"author":[{"embeddable":true,"href":"https:\/\/solutionsatc.com\/es\/wp-json\/wp\/v2\/users\/1"}],"replies":[{"embeddable":true,"href":"https:\/\/solutionsatc.com\/es\/wp-json\/wp\/v2\/comments?post=6277"}],"version-history":[{"count":5,"href":"https:\/\/solutionsatc.com\/es\/wp-json\/wp\/v2\/pages\/6277\/revisions"}],"predecessor-version":[{"id":6365,"href":"https:\/\/solutionsatc.com\/es\/wp-json\/wp\/v2\/pages\/6277\/revisions\/6365"}],"wp:attachment":[{"href":"https:\/\/solutionsatc.com\/es\/wp-json\/wp\/v2\/media?parent=6277"}],"curies":[{"name":"wp","href":"https:\/\/api.w.org\/{rel}","templated":true}]}}